{"id":814,"date":"2020-10-09T07:59:23","date_gmt":"2020-10-09T07:59:23","guid":{"rendered":"http:\/\/xedap.khomaudeprt.com\/?page_id=814"},"modified":"2020-10-09T08:06:19","modified_gmt":"2020-10-09T08:06:19","slug":"lien-he","status":"publish","type":"page","link":"http:\/\/xedap.khomaudeprt.com\/?page_id=814","title":{"rendered":"Li\u00ean h\u1ec7"},"content":{"rendered":"<div class=\"row\"  id=\"row-1336657708\">\n\n\t<div class=\"col medium-6 small-12 large-6\"  >\n\t\t<div class=\"col-inner\"  >\n\t\t\t\n\t\t\t\n<p>S\u01a1n T\u00f9ng Bike<\/p>\n<p>\u0110\u1ecba Ch\u1ec9: 69 Tr\u1ea7n Kh\u00e1t Ch\u00e2n &#8211; Hai B\u00e0 Tr\u01b0ng &#8211; H\u00e0 N\u1ed9i<br \/>\n(Ng\u00e3 t\u01b0 L\u00f2 \u0110\u00fac-Kim Ng\u01b0u-Tr\u1ea7n Kh\u00e1t Ch\u00e2n) ,C\u1eeda h\u00e0ng \u0111\u1ed1i di\u1ec7n Ph\u1ed1 L\u00f2 \u0110\u00fac.<\/p>\n<p>\u0110i\u1ec7n tho\u1ea1i: 0916 168 186<\/p>\n<p>Email: xedapchinhhang.vn@gmail.com<\/p>\n\t\t<\/div>\n\t<\/div>\n\n\t\n\n\t<div class=\"col medium-6 small-12 large-6\"  >\n\t\t<div class=\"col-inner\"  >\n\t\t\t\n\t\t\t\n<div role=\"form\" class=\"wpcf7\" id=\"wpcf7-f816-o1\" lang=\"vi\" dir=\"ltr\">\n<div class=\"screen-reader-response\" aria-live=\"polite\"><\/div>\n<form action=\"\/index.php?rest_route=%2Fwp%2Fv2%2Fpages%2F814#wpcf7-f816-o1\" method=\"post\" class=\"wpcf7-form\" novalidate=\"novalidate\">\n<div style=\"display: none;\">\n<input type=\"hidden\" name=\"_wpcf7\" value=\"816\" \/>\n<input type=\"hidden\" name=\"_wpcf7_version\" value=\"5.1.9\" \/>\n<input type=\"hidden\" name=\"_wpcf7_locale\" value=\"vi\" \/>\n<input type=\"hidden\" name=\"_wpcf7_unit_tag\" value=\"wpcf7-f816-o1\" \/>\n<input type=\"hidden\" name=\"_wpcf7_container_post\" value=\"0\" \/>\n<\/div>\n<p><label> T\u00ean c\u1ee7a b\u1ea1n (b\u1eaft bu\u1ed9c)<br \/>\n    <span class=\"wpcf7-form-control-wrap your-name\"><input type=\"text\" name=\"your-name\" value=\"\" size=\"40\" class=\"wpcf7-form-control wpcf7-text wpcf7-validates-as-required\" aria-required=\"true\" aria-invalid=\"false\" \/><\/span> <\/label><\/p>\n<p><label> \u0110\u1ecba ch\u1ec9 Email (b\u1eaft bu\u1ed9c)<br \/>\n    <span class=\"wpcf7-form-control-wrap your-email\"><input type=\"email\" name=\"your-email\" value=\"\" size=\"40\" class=\"wpcf7-form-control wpcf7-text wpcf7-email wpcf7-validates-as-required wpcf7-validates-as-email\" aria-required=\"true\" aria-invalid=\"false\" \/><\/span> <\/label><\/p>\n<p><label> Ti\u00eau \u0111\u1ec1:<br \/>\n    <span class=\"wpcf7-form-control-wrap your-subject\"><input type=\"text\" name=\"your-subject\" value=\"\" size=\"40\" class=\"wpcf7-form-control wpcf7-text\" aria-invalid=\"false\" \/><\/span> <\/label><\/p>\n<p><label> Th\u00f4ng \u0111i\u1ec7p<br \/>\n    <span class=\"wpcf7-form-control-wrap your-message\"><textarea name=\"your-message\" cols=\"40\" rows=\"10\" class=\"wpcf7-form-control wpcf7-textarea\" aria-invalid=\"false\"><\/textarea><\/span> <\/label><\/p>\n<p><input type=\"submit\" value=\"G\u1eedi \u0111i\" class=\"wpcf7-form-control wpcf7-submit\" \/><\/p>\n<div class=\"wpcf7-response-output wpcf7-display-none\" aria-hidden=\"true\"><\/div><\/form><\/div>\n\t\t<\/div>\n\t<\/div>\n\n\t\n<\/div>\n","protected":false},"excerpt":{"rendered":"","protected":false},"author":1,"featured_media":0,"parent":0,"menu_order":0,"comment_status":"closed","ping_status":"closed","template":"","meta":[],"_links":{"self":[{"href":"http:\/\/xedap.khomaudeprt.com\/index.php?rest_route=\/wp\/v2\/pages\/814"}],"collection":[{"href":"http:\/\/xedap.khomaudeprt.com\/index.php?rest_route=\/wp\/v2\/pages"}],"about":[{"href":"http:\/\/xedap.khomaudeprt.com\/index.php?rest_route=\/wp\/v2\/types\/page"}],"author":[{"embeddable":true,"href":"http:\/\/xedap.khomaudeprt.com\/index.php?rest_route=\/wp\/v2\/users\/1"}],"replies":[{"embeddable":true,"href":"http:\/\/xedap.khomaudeprt.com\/index.php?rest_route=%2Fwp%2Fv2%2Fcomments&post=814"}],"version-history":[{"count":3,"href":"http:\/\/xedap.khomaudeprt.com\/index.php?rest_route=\/wp\/v2\/pages\/814\/revisions"}],"predecessor-version":[{"id":818,"href":"http:\/\/xedap.khomaudeprt.com\/index.php?rest_route=\/wp\/v2\/pages\/814\/revisions\/818"}],"wp:attachment":[{"href":"http:\/\/xedap.khomaudeprt.com\/index.php?rest_route=%2Fwp%2Fv2%2Fmedia&parent=814"}],"curies":[{"name":"wp","href":"https:\/\/api.w.org\/{rel}","templated":true}]}}